{"id":76,"date":"2012-04-17T06:55:11","date_gmt":"2012-04-17T04:55:11","guid":{"rendered":"http:\/\/www.v1.rachel-stopa.fr\/?page_id=76"},"modified":"2012-04-17T06:58:12","modified_gmt":"2012-04-17T04:58:12","slug":"informations-legales","status":"publish","type":"page","link":"http:\/\/www.v1.rachel-stopa.fr\/?page_id=76","title":{"rendered":"Informations L\u00e9gales"},"content":{"rendered":"<p><span style=\"color: #000000; font-family: Georgia; font-size: small;\">Ce site est \u00e9dit\u00e9 par Rachel STOPA <\/span><\/p>\n<p style=\"text-align: justify;\"><span style=\"color: #000000; text-decoration: underline;\"><span style=\"font-family: Georgia; font-size: small;\">Droits d&rsquo;auteur \/ Copyright <\/span><\/span><span style=\"color: #000000;\"><span style=\"font-family: Georgia; font-size: small;\">:\u00a0<\/span><\/span><span style=\"color: #000000;\"><span style=\"font-family: Georgia; font-size: small;\">\u00a0\u00a0\u00a0\u00a0\u00a0\u00a0\u00a0\u00a0\u00a0<\/span><\/span><span style=\"color: #000000;\"><span style=\"font-family: Georgia; font-size: small;\">T<\/span><\/span><span style=\"color: #000000; font-family: Georgia; font-size: small;\">ous les \u00e9l\u00e9ments textes et photos publi\u00e9s\u00a0 sur ce site\u00a0 sont prot\u00e9g\u00e9s par les lois en vigueur sur la propri\u00e9t\u00e9 intellectuelle et appartiennent \u00e0 Rachel STOPA.<\/span><span style=\"color: #000000; font-family: Georgia; font-size: small;\">Toute utilisation commerciale ou dans un site personnel, est strictement interdite sans l\u2019accord pr\u00e9alable de l\u2019auteur \u00a9.<\/span><\/p>\n","protected":false},"excerpt":{"rendered":"<p>Ce site est \u00e9dit\u00e9 par Rachel STOPA Droits d&rsquo;auteur \/ Copyright :\u00a0\u00a0\u00a0\u00a0\u00a0\u00a0\u00a0\u00a0\u00a0\u00a0Tous les \u00e9l\u00e9ments textes et photos publi\u00e9s\u00a0 sur ce site\u00a0 sont prot\u00e9g\u00e9s par les lois en vigueur sur la propri\u00e9t\u00e9 intellectuelle et appartiennent \u00e0 Rachel STOPA.Toute utilisation commerciale ou dans un site personnel, est strictement interdite sans l\u2019accord pr\u00e9alable de l\u2019auteur \u00a9.<\/p>\n","protected":false},"author":1,"featured_media":0,"parent":0,"menu_order":7,"comment_status":"closed","ping_status":"closed","template":"","meta":{"jetpack_post_was_ever_published":false,"footnotes":""},"class_list":["post-76","page","type-page","status-publish","hentry"],"jetpack_sharing_enabled":true,"_links":{"self":[{"href":"http:\/\/www.v1.rachel-stopa.fr\/index.php?rest_route=\/wp\/v2\/pages\/76","targetHints":{"allow":["GET"]}}],"collection":[{"href":"http:\/\/www.v1.rachel-stopa.fr\/index.php?rest_route=\/wp\/v2\/pages"}],"about":[{"href":"http:\/\/www.v1.rachel-stopa.fr\/index.php?rest_route=\/wp\/v2\/types\/page"}],"author":[{"embeddable":true,"href":"http:\/\/www.v1.rachel-stopa.fr\/index.php?rest_route=\/wp\/v2\/users\/1"}],"replies":[{"embeddable":true,"href":"http:\/\/www.v1.rachel-stopa.fr\/index.php?rest_route=%2Fwp%2Fv2%2Fcomments&post=76"}],"version-history":[{"count":5,"href":"http:\/\/www.v1.rachel-stopa.fr\/index.php?rest_route=\/wp\/v2\/pages\/76\/revisions"}],"predecessor-version":[{"id":80,"href":"http:\/\/www.v1.rachel-stopa.fr\/index.php?rest_route=\/wp\/v2\/pages\/76\/revisions\/80"}],"wp:attachment":[{"href":"http:\/\/www.v1.rachel-stopa.fr\/index.php?rest_route=%2Fwp%2Fv2%2Fmedia&parent=76"}],"curies":[{"name":"wp","href":"https:\/\/api.w.org\/{rel}","templated":true}]}}