{"id":15,"date":"2012-04-16T09:12:13","date_gmt":"2012-04-16T07:12:13","guid":{"rendered":"http:\/\/www.v1.rachel-stopa.fr\/?page_id=15"},"modified":"2020-10-22T20:24:14","modified_gmt":"2020-10-22T18:24:14","slug":"historique-des-expositions","status":"publish","type":"page","link":"http:\/\/www.v1.rachel-stopa.fr\/?page_id=15","title":{"rendered":"Historique des Expositions"},"content":{"rendered":"<p>Ann\u00e9e 2020\u00a0<\/p>\n<ul>\n<li>Exposition \u00e0 l&rsquo;<strong>Artistic Garage<\/strong> du 1 er Aout au 15 Septembre 120 avenue du G\u00e9n\u00e9ral Leclerc 93330 Neuilly sur Marne<\/li>\n<\/ul>\n<p>Ann\u00e9e 2019<\/p>\n<ul>\n<li><strong>association arabesque <\/strong>\u00a023 \u00e8me Salon des beaux-arts\u00a0 du 25 Janvier au 3 f\u00e9vrier\u00a0 9 rue Jean Delsol 77173 Chevry-Cossigny\u00a0 espace culturel \u00ab\u00a0La Marmite\u00a0\u00bb\u00a0\u00a0<strong>\u00a0<\/strong><\/li>\n<li><strong>57 \u00e8me salon des grands formats de Mennecy\u00a0<\/strong> du vendredi 16 Mars\u00a0 au\u00a0 24 Mars D\u00e9cembre\u00a0 Salle Michel Ange au parc de Villeroy 91450 Mennecy <strong>Prix du public de sculpture\u00a0<\/strong><\/li>\n<li><strong>Salon des arts Andr\u00e9 Delriu<\/strong> du 12 au 19 avril <strong>Saint thibault des vignes\u00a0<\/strong><\/li>\n<li>26 \u00e8me salon d&rsquo;Automne IRIS-OZOIR du samedi 12 Octobre au dimanche 20 Octobre 2019 \u00e0 la ferme Pereire avenue \u00c9rasme 77330 Ozoir-la-ferri\u00e8re\u00a0 \u00a0<strong>1 er<\/strong> <strong>prix de\u00a0 sculpture<\/strong><\/li>\n<li>Exposition ANNET en ARTS au centre culturel Claude Pompidou 77410 Annet-sur-Marne les 15 16 17 et 18 Novembre 2019 <strong>Prix du D\u00e9partement<\/strong><\/li>\n<\/ul>\n<p>Ann\u00e9e 2018<\/p>\n<ul>\n<li>28 \u00e8me salon de peinture et sculpture organis\u00e9 par le<strong> Lions Club de Brunoy<\/strong> du 10 au 15 Mars 2018 \u00e0 la maison des arts \u00ab\u00a0Le r\u00e9veillon\u00a0\u00bb\u00a0 <strong>1er \u00a0Prix de sculpture du Lions Club<\/strong><\/li>\n<li>14 \u00e9me Salon des amateurs d&rsquo;arts de\u00a0\u00a0<strong>Saint Thibault des Vignes<\/strong> du\u00a0 7 au 13 Avril 2018 Centre culturel Marc Brinon\u00a0<strong>\u00a01er Prix\u00a0 de Sculpture<\/strong><\/li>\n<li><strong>Acad\u00e9mie des arts de Gournay &#8211; sur &#8211; Marne<\/strong> Salon d&rsquo;Automne 2018 du 24 Novembre au 2 D\u00e9cembre 3 rue de l&rsquo;alouette 93460 Gournay-sur-Marne <strong>2 eme prix de sculpture<\/strong><\/li>\n<li><strong>Exposition \u00a0Artistes du Val de Marne<\/strong> du vendredi 24 Novembre au\u00a0 9 D\u00e9cembre\u00a0 Villa M\u00e9dicis 92 avenue du Bac 94210 La Varenne Saint Hilaire<\/li>\n<\/ul>\n<p>Ann\u00e9e 2017<\/p>\n<ul>\n<li>Exposition de peinture et sculpture du 18 Janvier au 5 F\u00e9vrier en compagnie du peintre Frederique Rouquette au ch\u00e2teau de Livry Gargan 62 avenue du consul g\u00e9n\u00e9ral Nordling .<\/li>\n<li>\u00a025 \u00e8me Salon de printemps de Courtry du 18 F\u00e9vrier au 26 F\u00e9vrier espace Robert Jacobsen 31 rue Charles van Wyngene 77181 Courtry<\/li>\n<li>39 eme exposition de peintures et sculptures artistes invit\u00e9s GIUCO peintre et Rachel STOPA c\u00e9ramiste salle Van Dongen \u00e0\u00a0Chanteloup en brie du 11 au 19 Mars .<\/li>\n<li>4 \u00e9me salon des Arts D&rsquo;automne \u00a0\u00bb SCULPT&rsquo;ART 77&Prime; du 14 Octobre au 22 Octobre\u00a0espace Robert Jacobsen 31 rue Charles van Wyngene 77181\u00a0<strong>Courtry<\/strong><\/li>\n<li>Salon National des Artistes Animaliers du 12 Novembre au 10 D\u00e9cembre Centre culturel Hotel de Malestroit 94260\u00a0<strong>Bry-sur-Marne<\/strong>\u00a0\u00a0:\u00a0<strong>www.artistes-animaliers.com<\/strong><\/li>\n<\/ul>\n<p>Ann\u00e9e 2016<\/p>\n<ul>\n<li>du Vendredi 18 Mars au Dimanche 3 Avril exposition de sculpture en compagnie du peintre\u00a0Fran Viegas au<strong>\u00a0 <\/strong>Carr\u00e9 des Coignard 150 grande rue Charles de Gaulle 94130 Nogent sur Marne<\/li>\n<li>12 \u00e9me Salon des amateurs d&rsquo;arts de 77400\u00a0Saint Thibault des Vignes du \u00a08 au 15 Avril 2016 Centre culturel Marc Brinon\u00a0<strong> 1er Prix Public de Sculpture<\/strong><\/li>\n<li>22 \u00e8me Salon de Printemps de Bussy Saint-Martin<strong> \u00a0<\/strong>du 14 Mai au 22 Mai \u00a0 salle Andr\u00e9 Boureau place de l&rsquo;\u00e9glise 77600\u00a0Bussy Saint-Martin<\/li>\n<li>23 \u00e8me salon d&rsquo;Automne IRIS-OZOIR du samedi 24 Septembre au dimanche 2 Octobre \u00e0 la ferme Pereire avenue \u00c9rasme 77330 Ozoir-la-ferri\u00e8re \u00a0\u00a0<strong>prix de la Municipalit\u00e9 sculpture<\/strong><\/li>\n<li>21 \u00e8me Exposition de Peinture et Sculpture de Guermantes samedi 15 Octobre apr\u00e8s midi et Dimanche 16 Octobre , Espace Marcel Proust place de la mairie 77600 Guermantes<strong><strong>\u00a0<\/strong><\/strong><\/li>\n<li>Acad\u00e9mie des arts de Gournay &#8211; sur &#8211; Marne Salon 2016 du 11 au 20 Novembre 3 rue de l&rsquo;alouette 93460 Gournay-sur-Marne\u00a0<strong>Prix de l&rsquo;academie des arts\u00a0<\/strong><\/li>\n<li>Salon d&rsquo;Automne Galerie Jean-Baptiste Claudot 93320\u00a0les Pavillons sous bois<strong> \u00a0<\/strong>place de la mairie 144 avenue Jean Jaures du Dimanche 30 Octobre au dimanche 13 novembre<\/li>\n<li>\u00a0Exposition \u00a0Artistes du Val de Marne du vendredi 18 Novembre au dimanche 4 D\u00e9cembre 5 ter avenue du Bac 94210 La Varenne Saint Hilaire<\/li>\n<li>ANNET PLASTIC ARTS au centre culturel Claude Pompidou 77410 Annet-sur-Marne les 19 20 et 21 Novembre<\/li>\n<li>Arts en F\u00eate au prieur\u00e9 saint Maurice de Senlis<strong> . <\/strong>Parc du Ch\u00e2teau Royale du 14 au 18 D\u00e9cembre .<\/li>\n<\/ul>\n<p>Ann\u00e9e 2015<\/p>\n<ul>\n<li>40 \u00e8me Salon ARGA week-end du 31 Janvier et 1 er F\u00e9vrier 2015 Salle des F\u00eates de la Mairie de \u00a0Gagny\u00a0(93220) Place Foch<\/li>\n<li>Expostion Organis\u00e9e par le Lions Club<strong> \u00a0<\/strong>du 30 Janvier au 8 F\u00e9vrier<strong>\u00a0<\/strong>Ch\u00e2teau Seigneurial de Villemonble\u00a01 place Emile-Ducatte 93250 Villemonble<\/li>\n<li>37 \u00e8me Exposition de peintures et sculptures\u00a0du 7 Mars au 15 Mars Salle des f\u00eates VAN DONGEN 77600 Chanteloup en Brie<\/li>\n<li>21 \u00e8me Salon de peinture et sculpture du 28 Mars au 5 Avril Grande Halle Ferme d&rsquo;Ayau 77680 Roissy en Brie<strong>\u00a01er prix du Jury de peinture<\/strong><\/li>\n<li>21 \u00e8me Salon de Printemps de Bussy Saint-Martin<strong> \u00a0<\/strong>du 9 Mai au 17 Mai \u00a0\u00a0Bussy Saint-Martin <strong>1er prix du Jury de peinture<\/strong><\/li>\n<li>22 \u00e8me Salon d&rsquo;Automne d&rsquo;IRIS Ozoir du 26 Septembre au 4 Octobre 2015 ferme Pereire Avenue Erasme OZOIR la FERRIERE 77330<\/li>\n<li>26 \u00e8me Salon d&rsquo;Automne du 10 au 18 Octobre 2015 Salle du conseil Municipal et Salle Champagne \u00e0 Montry 77450 <strong>1er Prix du Jury de Peinture<\/strong><\/li>\n<li>20 \u00e8me Exposition de peinture et sculpture de Guermantes\u00a0Samedi 10 Octobre\u00a0apr\u00e8s\u00a0midi et Dimanche 11 Octobre Espace Marcel Proust Guermantes 77600<\/li>\n<li>17 \u00e8me Salon d&rsquo;Automne d&rsquo;Annet sur marne 14-15-16 Novembre Centre culturel Claude Pompidou 77410 Annet sur Marne<\/li>\n<li>11 \u00e8me Salon d&rsquo;Arts Plastiques de Boissy St Leger du 7 au 15 novembre 2015 Salle des F\u00eates 6 rue de Sucy \u00a0Boissy Saint Leger \u00a094470<\/li>\n<li>F\u00eate de la litt\u00e9rature et des arts du pays Cr\u00e9\u00e7ois du 28 au 29 Novembre <strong>Prix de peinture de la municipalit\u00e9 de Cond\u00e9 Sainte Libiaire\u00a0<\/strong><\/li>\n<\/ul>\n<p>Ann\u00e9e 2014<\/p>\n<ul>\n<li>\u00a0Salon Lille <strong>ART UP\u00a0<\/strong> du 13 au 16 FevrierLille Grand Palais1 boulevard des Cit\u00e9s Unies 59777 Lille-Euralille France<\/li>\n<li>36 \u00e8me Exposition de Peintures et Sculptures de Chanteloup en Brie : Salle des f\u00eates Van- Dongen\u00a0du \u00a07 Mars 2014 eu 16 Mars 2014<\/li>\n<li>Salon des amateurs d&rsquo;arts de Saint Thibault des Vignes du\u00a0 7 au 14 Mars 2014 Centre culturel Marc Brinon<\/li>\n<li>3 eme Salon de sculpture de Brie-Comte-Robert : \u00e0\u00a0 \u00ab\u00a0l&rsquo;H\u00f4tel Dieu\u00a0\u00bb\u00a0\u00a0\u00a0du 8 F\u00e9vrier 2014 au 23 F\u00e9vrier 2014\u00a0 Mercredi de 15H00 a 18H00 et Vendredi Samedi Dimanche de 10H00 \u00e0 12H00 et de 15H00 \u00e0 18H00<\/li>\n<li>22 \u00e8me Salon de Printemps\u00a0de Courtry\u00a0: Espace Robert Jacobsen 31 rue Charles Van Wyng\u00e8ne du Samedi 26 Avril 2014 au Dimanche 4 mai 2014 <strong>prix du jury mention Sculpture<\/strong><\/li>\n<li>Amicale artistique Chelloise : du Samedi 6 au Dimanche 21 Septembre , dans les \u00e9glises Sainte Croix et Saint Georges , rue Etrelet a c\u00f4t\u00e9 de la mairie tous les jours de 14H00 a 18h00\u00a0\u00a0\u00a0\u00a0\u00a0 77505 Chelles<\/li>\n<li>25 \u00e8me Salon d&rsquo;automne de Montry du Samedi 4 Octobre au dimanche 12 Octobre Salle du conseil Municipal\u00a0 2 rue du Docteur Roux 77450 Montry<\/li>\n<li>Du 3 au 5 Octobre Exposition a la mairie de Chalifert (77144)<\/li>\n<li>1er Salon d&rsquo;Automne de COURTRY du 25 Octobre au 9 Novembre Espace Robert Jacobsen\u00a0 31 rue Charles VAN WYNGENE 77181 COURTRY <strong>prix du conseil regional<\/strong><\/li>\n<li>19 \u00e8me Exposition de peinture et sculpture a Guermantes les 22 et 23 novembre Espace Marcel Proust , place de la mairie 77600 Guermantes <strong>prix de peinture (technique mixte)<\/strong><\/li>\n<li><strong>Artistic Garage<\/strong> du 22 Octobre a fin Novembre 120 avenue du Mar\u00e9chal Leclerc 93330 Neuilly sur marne<\/li>\n<\/ul>\n<p>Ann\u00e9e 2013<\/p>\n<ul>\n<li>\u00a021 eme Salon de Printemps de COURTRY 77 du 23 Mars au 1er Avril 2013 salle Robert Jacobsen<\/li>\n<li>19 eme Salon de Peinture et Sculpture de ROISSY en BRIE 77 Grande Halle ferme d&rsquo;AYAU\u00a0du 23 Mars au 31 Mars 2013 :<strong> Invit\u00e9e d&rsquo;honneur<\/strong><\/li>\n<li>Exposition <strong>Galerie Artistic Garage\u00a0<\/strong>Avril 2013\u00a0:\u00a0120 avenue du Mar\u00e9chal Leclerc\u00a0\u00a0 93330 NEUILLY SUR MARNE<\/li>\n<li>\u00a035 \u00e8me Salon d&rsquo;Automne : H\u00f4tel de Ville de Bondy espace Marcel Chauzy\u00a0 du Samedi 5 Octobre au Dimanche 13 Octobre 2013<\/li>\n<li>18 \u00e8me Salon des Beaux-Arts : Espace Culturel \u00ab\u00a0La Marmite\u00a0\u00bb 9 rue Jean Delsol 77173 Chevry-Cossigny du Vendredi 11 Octobre au Jeudi 17 Octobre<\/li>\n<li>Salon d&rsquo;Automne : Association CREATIVA Salle des F\u00eates de la For\u00eat\u00a0,\u00a0\u00a0\u00a0\u00a0\u00a0\u00a0\u00a0\u00a0\u00a0\u00a0\u00a0\u00a0\u00a0\u00a0\u00a0\u00a0 81 bis Grande rue 77135\u00a0Pontcarr\u00e9 du 13 Octobre au 20 Octobre 2013 <strong>prix du jury mention sculpture .<\/strong><\/li>\n<li>Exposition au Ch\u00e2teau des tourelles \u00a0: 19 avenue de la Mar\u00e9chale Le Plessis-Tr\u00e9vise du 31 Octobre au 1 er D\u00e9cembre 2013<\/li>\n<\/ul>\n<p>Ann\u00e9e 2012<\/p>\n<ul>\n<li>Exposition \u00ab\u00a0Un jour de sculpture\u00a0\u00bb l&rsquo;Hotel-Dieux Brie-Comte-Robert du 11 au 26 Fevrier 2012<\/li>\n<li>Salon des Amateurs de Saint-Thibault des Vignes\u00a0 (77400) Centre Culturel Marc Brinon du 24 Mars au 1er Avril<\/li>\n<li>18\u00e8me Salon de Peinture et Sculpture GRANDE HALLE-FERME D\u2019AYAU-ROISSY EN BRIE (77680) du samedi 7 au dimanche 15\u00a0 avril 2012 :<strong> 1er Prix de la municipalit\u00e9 , 1er Prix Public Adulte , 1er Prix Public Enfant<\/strong><\/li>\n<li>18 \u00e9me Salon de Printemps \u00e0 Bussy-Saint-Martin (77600)\u00a0 du 18 Mai 2012 au 28 Mai 2012\u00a0 <a href=\"http:\/\/www.bussysaintmartincdf.wordpress.com\">www.bussysaintmartincdf.wordpress.com<\/a><\/li>\n<li>Exposition de peinture et sculpture a Esbly (77450) au Gymnase de l&rsquo;\u00e9cole du centre les 2 et 3 juin 2012 de 10H00 \u00e0 19H00 : <strong>1er Prix du Jury Sculpture<\/strong><\/li>\n<li>23 eme Salon d&rsquo;Automne de Montry 77 du 6 au 14 Octobre Salle du Conseil Municipal 25 avenue de la Mairie<\/li>\n<li>Salon de PontCarre 77 du 14 au 21 octobre 2012 Salle des fetes de la For\u00eat<\/li>\n<li>Salon de Guermantes 77 le 17 novembre et le 18 Novembre\u00a0 Espace Marcel Proust &#8211; place de la mairie : <strong>1er Prix du Jury Sculpture \u00a0<\/strong><\/li>\n<\/ul>\n<p>Ann\u00e9e 2011<\/p>\n<ul>\n<li>Exposition du 26 mars au 3 avril 2011 au Centre Culturel Marc Brinon 77400 Saint-Thibault-des-Vignes pour le \u00ab Salon des Amateurs \u00bb : <strong>1er Prix de Sculpture<\/strong><\/li>\n<li>22 eme Salon d&rsquo;Automne de la ville de Montry du 8 au 16 Octobre 2011 : <strong>3eme Prix de la municipalit\u00e9<\/strong><\/li>\n<\/ul>\n<p>Ann\u00e9e 2010<\/p>\n<ul>\n<li>\u00a0Exposition \u00a0au Centre Culturel Marc Brinon 77400 Saint-Thibault-des-Vignes pour l&rsquo;atelier d&rsquo;arts plastiques : <strong>1er Prix de Sculpture<\/strong><\/li>\n<\/ul>\n\n\n<p><\/p>\n","protected":false},"excerpt":{"rendered":"<p>Ann\u00e9e 2020\u00a0 Exposition \u00e0 l&rsquo;Artistic Garage du 1 er Aout au 15 Septembre 120 avenue du G\u00e9n\u00e9ral Leclerc 93330 Neuilly sur Marne Ann\u00e9e 2019 association arabesque \u00a023 \u00e8me Salon des beaux-arts\u00a0 du 25 Janvier au 3 f\u00e9vrier\u00a0 9 rue Jean Delsol 77173 Chevry-Cossigny\u00a0 espace culturel \u00ab\u00a0La Marmite\u00a0\u00bb\u00a0\u00a0\u00a0 57 \u00e8me salon des grands formats de Mennecy\u00a0 [&hellip;]<\/p>\n","protected":false},"author":1,"featured_media":0,"parent":0,"menu_order":3,"comment_status":"closed","ping_status":"closed","template":"","meta":{"jetpack_post_was_ever_published":false,"footnotes":""},"class_list":["post-15","page","type-page","status-publish","hentry"],"jetpack_sharing_enabled":true,"_links":{"self":[{"href":"http:\/\/www.v1.rachel-stopa.fr\/index.php?rest_route=\/wp\/v2\/pages\/15","targetHints":{"allow":["GET"]}}],"collection":[{"href":"http:\/\/www.v1.rachel-stopa.fr\/index.php?rest_route=\/wp\/v2\/pages"}],"about":[{"href":"http:\/\/www.v1.rachel-stopa.fr\/index.php?rest_route=\/wp\/v2\/types\/page"}],"author":[{"embeddable":true,"href":"http:\/\/www.v1.rachel-stopa.fr\/index.php?rest_route=\/wp\/v2\/users\/1"}],"replies":[{"embeddable":true,"href":"http:\/\/www.v1.rachel-stopa.fr\/index.php?rest_route=%2Fwp%2Fv2%2Fcomments&post=15"}],"version-history":[{"count":56,"href":"http:\/\/www.v1.rachel-stopa.fr\/index.php?rest_route=\/wp\/v2\/pages\/15\/revisions"}],"predecessor-version":[{"id":980,"href":"http:\/\/www.v1.rachel-stopa.fr\/index.php?rest_route=\/wp\/v2\/pages\/15\/revisions\/980"}],"wp:attachment":[{"href":"http:\/\/www.v1.rachel-stopa.fr\/index.php?rest_route=%2Fwp%2Fv2%2Fmedia&parent=15"}],"curies":[{"name":"wp","href":"https:\/\/api.w.org\/{rel}","templated":true}]}}