{"id":11,"date":"2012-04-16T09:11:29","date_gmt":"2012-04-16T07:11:29","guid":{"rendered":"http:\/\/www.v1.rachel-stopa.fr\/?page_id=11"},"modified":"2020-10-22T20:22:53","modified_gmt":"2020-10-22T18:22:53","slug":"expositions-a-venir","status":"publish","type":"page","link":"http:\/\/www.v1.rachel-stopa.fr\/?page_id=11","title":{"rendered":"Expositions \u00e0 venir"},"content":{"rendered":"<p><strong>Ann\u00e9e 2020<\/strong><\/p>\n\n\n<ul class=\"wp-block-list\"><li>  Exposition \u00e0 l&rsquo;<strong>Artistic Garage<\/strong> du 17 au 31 Octobre 120 avenue du G\u00e9n\u00e9ral Leclerc 93330 Neuilly sur Marne  <\/li><\/ul>\n\n\n\n<p><\/p>\n","protected":false},"excerpt":{"rendered":"<p>Ann\u00e9e 2020 Exposition \u00e0 l&rsquo;Artistic Garage du 17 au 31 Octobre 120 avenue du G\u00e9n\u00e9ral Leclerc 93330 Neuilly sur Marne<\/p>\n","protected":false},"author":1,"featured_media":0,"parent":0,"menu_order":2,"comment_status":"closed","ping_status":"closed","template":"","meta":{"jetpack_post_was_ever_published":false,"footnotes":""},"class_list":["post-11","page","type-page","status-publish","hentry"],"jetpack_sharing_enabled":true,"_links":{"self":[{"href":"http:\/\/www.v1.rachel-stopa.fr\/index.php?rest_route=\/wp\/v2\/pages\/11","targetHints":{"allow":["GET"]}}],"collection":[{"href":"http:\/\/www.v1.rachel-stopa.fr\/index.php?rest_route=\/wp\/v2\/pages"}],"about":[{"href":"http:\/\/www.v1.rachel-stopa.fr\/index.php?rest_route=\/wp\/v2\/types\/page"}],"author":[{"embeddable":true,"href":"http:\/\/www.v1.rachel-stopa.fr\/index.php?rest_route=\/wp\/v2\/users\/1"}],"replies":[{"embeddable":true,"href":"http:\/\/www.v1.rachel-stopa.fr\/index.php?rest_route=%2Fwp%2Fv2%2Fcomments&post=11"}],"version-history":[{"count":95,"href":"http:\/\/www.v1.rachel-stopa.fr\/index.php?rest_route=\/wp\/v2\/pages\/11\/revisions"}],"predecessor-version":[{"id":979,"href":"http:\/\/www.v1.rachel-stopa.fr\/index.php?rest_route=\/wp\/v2\/pages\/11\/revisions\/979"}],"wp:attachment":[{"href":"http:\/\/www.v1.rachel-stopa.fr\/index.php?rest_route=%2Fwp%2Fv2%2Fmedia&parent=11"}],"curies":[{"name":"wp","href":"https:\/\/api.w.org\/{rel}","templated":true}]}}